{"id":10174,"date":"2019-03-22T06:39:56","date_gmt":"2019-03-22T06:39:56","guid":{"rendered":"https:\/\/adpglobal2019.xcc.x-cloud.io\/?page_id=10174\/"},"modified":"2020-01-16T05:30:13","modified_gmt":"2020-01-16T05:30:13","slug":"romanian-sitemap","status":"publish","type":"page","link":"https:\/\/adp.site.findly.com\/ro\/romanian-sitemap\/","title":{"rendered":"Sitemap"},"content":{"rendered":"<\/div><\/div><\/div><!-- close content main div --><\/div><\/div><div id='sitemap-menu' class='avia-section main_color avia-section-default avia-no-border-styling avia-bg-style-scroll   container_wrap sidebar_right'   ><div class='container' ><div class='template-page content  av-content-small alpha units'><div class='post-entry post-entry-type-page post-entry-10174'><div class='entry-content-wrapper clearfix'>\n<div class=\"flex_column av_one_full  flex_column_div av-zero-column-padding first  \" style='border-radius:0px; '><section class=\"av_textblock_section\"  itemscope=\"itemscope\" itemtype=\"https:\/\/schema.org\/CreativeWork\" ><div class='avia_textblock '   itemprop=\"text\" ><h1>Sitemap<\/h1>\n<\/div><\/section><br \/>\n<div class='avia-builder-widget-area clearfix '><div id=\"pages-2\" class=\"widget clearfix widget_pages\"><h3 class=\"widgettitle\">Pages<\/h3>\n\t\t\t<ul>\n\t\t\t\t<li class=\"page_item page-item-87847 page_item_has_children\"><a href=\"https:\/\/adp.site.findly.com\/ro\/apply\/\">Apply<\/a>\n<ul class='children'>\n\t<li class=\"page_item page-item-89755\"><a href=\"https:\/\/adp.site.findly.com\/ro\/apply\/thank-you\/\">Thank you<\/a><\/li>\n\t<li class=\"page_item page-item-87956\"><a href=\"https:\/\/adp.site.findly.com\/ro\/apply\/join\/\">Trimite\u021bi CV-ul dvs. pentru a v\u0103 al\u0103tura Comunit\u0103\u021bii noastre de talente<\/a><\/li>\n<\/ul>\n<\/li>\n<li class=\"page_item page-item-100001\"><a href=\"https:\/\/adp.site.findly.com\/ro\/\">Home Page<\/a><\/li>\n<li class=\"page_item page-item-87794 page_item_has_children\"><a href=\"https:\/\/adp.site.findly.com\/ro\/profile\/\">Profile<\/a>\n<ul class='children'>\n\t<li class=\"page_item page-item-87989\"><a href=\"https:\/\/adp.site.findly.com\/ro\/profile\/join\/\">Al\u0103tura\u021bi-v\u0103 Comunit\u0103\u021bii noastre de talente<\/a><\/li>\n\t<li class=\"page_item page-item-101203\"><a href=\"https:\/\/adp.site.findly.com\/ro\/profile\/thank-you\/\">Al\u0103tura\u021bi-v\u0103 Comunit\u0103\u021bii noastre de talente<\/a><\/li>\n<\/ul>\n<\/li>\n<li class=\"page_item page-item-9064 page_item_has_children\"><a href=\"https:\/\/adp.site.findly.com\/ro\/locations\/\">Locations<\/a>\n<ul class='children'>\n\t<li class=\"page_item page-item-9062 page_item_has_children\"><a href=\"https:\/\/adp.site.findly.com\/ro\/locations\/romania\/\">Location Romania &#8211; Home<\/a>\n\t<ul class='children'>\n\t\t<li class=\"page_item page-item-60146\"><a href=\"https:\/\/adp.site.findly.com\/ro\/locations\/romania\/covid19\/\">Location Romania &#8211; COVID-19 hiring response<\/a><\/li>\n\t\t<li class=\"page_item page-item-9150\"><a href=\"https:\/\/adp.site.findly.com\/ro\/locations\/romania\/job-search-results\/\">Location Romania &#8211; Job Search Results<\/a><\/li>\n\t\t<li class=\"page_item page-item-9070 page_item_has_children\"><a href=\"https:\/\/adp.site.findly.com\/ro\/locations\/romania\/life-at-adp\/\">Location Romania &#8211; Life @ ADP<\/a>\n\t\t<ul class='children'>\n\t\t\t<li class=\"page_item page-item-9074\"><a href=\"https:\/\/adp.site.findly.com\/ro\/locations\/romania\/life-at-adp\/corporate-social-responsibility\/\">Location Romania &#8211; Corporate Social Responsibility<\/a><\/li>\n\t\t\t<li class=\"page_item page-item-9077\"><a href=\"https:\/\/adp.site.findly.com\/ro\/locations\/romania\/life-at-adp\/diversity-inclusion\/\">Location Romania &#8211; Diversity &amp; Inclusion<\/a><\/li>\n\t\t<\/ul>\n<\/li>\n\t\t<li class=\"page_item page-item-9081 page_item_has_children\"><a href=\"https:\/\/adp.site.findly.com\/ro\/locations\/romania\/teams-roles\/\">Location Romania &#8211; Teams &amp; Roles<\/a>\n\t\t<ul class='children'>\n\t\t\t<li class=\"page_item page-item-9089\"><a href=\"https:\/\/adp.site.findly.com\/ro\/locations\/romania\/teams-roles\/client-service\/\">Location Romania &#8211; Client Service Careers<\/a><\/li>\n\t\t\t<li class=\"page_item page-item-9106\"><a href=\"https:\/\/adp.site.findly.com\/ro\/locations\/romania\/teams-roles\/corporate\/\">Location Romania &#8211; Corporate Careers<\/a><\/li>\n\t\t\t<li class=\"page_item page-item-9101\"><a href=\"https:\/\/adp.site.findly.com\/ro\/locations\/romania\/teams-roles\/human-resources\/\">Location Romania &#8211; Human Resources Careers<\/a><\/li>\n\t\t\t<li class=\"page_item page-item-9093\"><a href=\"https:\/\/adp.site.findly.com\/ro\/locations\/romania\/teams-roles\/implementation\/\">Location Romania &#8211; Implementation Careers<\/a><\/li>\n\t\t\t<li class=\"page_item page-item-9085\"><a href=\"https:\/\/adp.site.findly.com\/ro\/locations\/romania\/teams-roles\/sales\/\">Location Romania &#8211; Sales Careers<\/a><\/li>\n\t\t\t<li class=\"page_item page-item-9097\"><a href=\"https:\/\/adp.site.findly.com\/ro\/locations\/romania\/teams-roles\/technology\/\">Location Romania &#8211; Technology Careers<\/a><\/li>\n\t\t<\/ul>\n<\/li>\n\t<\/ul>\n<\/li>\n<\/ul>\n<\/li>\n\t\t\t<\/ul>\n\n\t\t\t<\/div><\/div><\/p><\/div>\n<\/div><\/div><\/div><!-- close content main div --><\/div><\/div><div id='after_section_1' class='main_color av_default_container_wrap container_wrap sidebar_right'   ><div class='container' ><div class='template-page content  av-content-small alpha units'><div class='post-entry post-entry-type-page post-entry-10174'><div class='entry-content-wrapper clearfix'>\n","protected":false},"excerpt":{"rendered":"","protected":false},"author":1009,"featured_media":0,"parent":0,"menu_order":0,"comment_status":"closed","ping_status":"closed","template":"","meta":{"footnotes":""},"persona":[],"class_list":["post-10174","page","type-page","status-publish","hentry"],"yoast_head":"<!-- This site is optimized with the Yoast SEO Premium plugin v23.0 (Yoast SEO v23.0) - https:\/\/yoast.com\/wordpress\/plugins\/seo\/ -->\n<title>Sitemap - ADP<\/title>\n<meta name=\"robots\" content=\"noindex, nofollow\" \/>\n<meta property=\"og:locale\" content=\"ro_RO\" \/>\n<meta property=\"og:type\" content=\"article\" \/>\n<meta property=\"og:title\" content=\"Sitemap\" \/>\n<meta property=\"og:url\" content=\"https:\/\/talentnetwork.adp.com\/ro\/romanian-sitemap\/\" \/>\n<meta property=\"og:site_name\" content=\"ADP\" \/>\n<meta property=\"article:modified_time\" content=\"2020-01-16T05:30:13+00:00\" \/>\n<meta property=\"og:image\" content=\"https:\/\/adp.site.findly.com\/wp-content\/uploads\/sites\/794\/2019\/05\/ADP-Logo-200x200-v2.jpg\" \/>\n\t<meta property=\"og:image:width\" content=\"200\" \/>\n\t<meta property=\"og:image:height\" content=\"200\" \/>\n\t<meta property=\"og:image:type\" content=\"image\/jpeg\" \/>\n<meta name=\"twitter:label1\" content=\"Timp estimat pentru citire\" \/>\n\t<meta name=\"twitter:data1\" content=\"1 minut\" \/>\n<script type=\"application\/ld+json\" class=\"yoast-schema-graph\">{\"@context\":\"https:\/\/schema.org\",\"@graph\":[{\"@type\":\"WebPage\",\"@id\":\"https:\/\/talentnetwork.adp.com\/ro\/romanian-sitemap\/\",\"url\":\"https:\/\/talentnetwork.adp.com\/ro\/romanian-sitemap\/\",\"name\":\"Sitemap - ADP\",\"isPartOf\":{\"@id\":\"https:\/\/talentnetwork.adp.com\/pt-br\/#website\"},\"datePublished\":\"2019-03-22T06:39:56+00:00\",\"dateModified\":\"2020-01-16T05:30:13+00:00\",\"breadcrumb\":{\"@id\":\"https:\/\/talentnetwork.adp.com\/ro\/romanian-sitemap\/#breadcrumb\"},\"inLanguage\":\"ro-RO\",\"potentialAction\":[{\"@type\":\"ReadAction\",\"target\":[\"https:\/\/talentnetwork.adp.com\/ro\/romanian-sitemap\/\"]}]},{\"@type\":\"BreadcrumbList\",\"@id\":\"https:\/\/talentnetwork.adp.com\/ro\/romanian-sitemap\/#breadcrumb\",\"itemListElement\":[{\"@type\":\"ListItem\",\"position\":1,\"name\":\"Home\",\"item\":\"https:\/\/talentnetwork.adp.com\/ro\/\"},{\"@type\":\"ListItem\",\"position\":2,\"name\":\"Sitemap\"}]},{\"@type\":\"WebSite\",\"@id\":\"https:\/\/talentnetwork.adp.com\/pt-br\/#website\",\"url\":\"https:\/\/talentnetwork.adp.com\/pt-br\/\",\"name\":\"ADP\",\"description\":\"ADP Global\",\"potentialAction\":[{\"@type\":\"SearchAction\",\"target\":{\"@type\":\"EntryPoint\",\"urlTemplate\":\"https:\/\/talentnetwork.adp.com\/pt-br\/?s={search_term_string}\"},\"query-input\":\"required name=search_term_string\"}],\"inLanguage\":\"ro-RO\"}]}<\/script>\n<!-- \/ Yoast SEO Premium plugin. -->","yoast_head_json":{"title":"Sitemap - ADP","robots":{"index":"noindex","follow":"nofollow"},"og_locale":"ro_RO","og_type":"article","og_title":"Sitemap","og_url":"https:\/\/talentnetwork.adp.com\/ro\/romanian-sitemap\/","og_site_name":"ADP","article_modified_time":"2020-01-16T05:30:13+00:00","og_image":[{"width":200,"height":200,"url":"https:\/\/adp.site.findly.com\/wp-content\/uploads\/sites\/794\/2019\/05\/ADP-Logo-200x200-v2.jpg","type":"image\/jpeg"}],"twitter_misc":{"Timp estimat pentru citire":"1 minut"},"schema":{"@context":"https:\/\/schema.org","@graph":[{"@type":"WebPage","@id":"https:\/\/talentnetwork.adp.com\/ro\/romanian-sitemap\/","url":"https:\/\/talentnetwork.adp.com\/ro\/romanian-sitemap\/","name":"Sitemap - ADP","isPartOf":{"@id":"https:\/\/talentnetwork.adp.com\/pt-br\/#website"},"datePublished":"2019-03-22T06:39:56+00:00","dateModified":"2020-01-16T05:30:13+00:00","breadcrumb":{"@id":"https:\/\/talentnetwork.adp.com\/ro\/romanian-sitemap\/#breadcrumb"},"inLanguage":"ro-RO","potentialAction":[{"@type":"ReadAction","target":["https:\/\/talentnetwork.adp.com\/ro\/romanian-sitemap\/"]}]},{"@type":"BreadcrumbList","@id":"https:\/\/talentnetwork.adp.com\/ro\/romanian-sitemap\/#breadcrumb","itemListElement":[{"@type":"ListItem","position":1,"name":"Home","item":"https:\/\/talentnetwork.adp.com\/ro\/"},{"@type":"ListItem","position":2,"name":"Sitemap"}]},{"@type":"WebSite","@id":"https:\/\/talentnetwork.adp.com\/pt-br\/#website","url":"https:\/\/talentnetwork.adp.com\/pt-br\/","name":"ADP","description":"ADP Global","potentialAction":[{"@type":"SearchAction","target":{"@type":"EntryPoint","urlTemplate":"https:\/\/talentnetwork.adp.com\/pt-br\/?s={search_term_string}"},"query-input":"required name=search_term_string"}],"inLanguage":"ro-RO"}]}},"_links":{"self":[{"href":"https:\/\/adp.site.findly.com\/ro\/wp-json\/wp\/v2\/pages\/10174","targetHints":{"allow":["GET"]}}],"collection":[{"href":"https:\/\/adp.site.findly.com\/ro\/wp-json\/wp\/v2\/pages"}],"about":[{"href":"https:\/\/adp.site.findly.com\/ro\/wp-json\/wp\/v2\/types\/page"}],"author":[{"embeddable":true,"href":"https:\/\/adp.site.findly.com\/ro\/wp-json\/wp\/v2\/users\/1009"}],"replies":[{"embeddable":true,"href":"https:\/\/adp.site.findly.com\/ro\/wp-json\/wp\/v2\/comments?post=10174"}],"version-history":[{"count":0,"href":"https:\/\/adp.site.findly.com\/ro\/wp-json\/wp\/v2\/pages\/10174\/revisions"}],"wp:attachment":[{"href":"https:\/\/adp.site.findly.com\/ro\/wp-json\/wp\/v2\/media?parent=10174"}],"wp:term":[{"taxonomy":"persona","embeddable":true,"href":"https:\/\/adp.site.findly.com\/ro\/wp-json\/wp\/v2\/persona?post=10174"}],"curies":[{"name":"wp","href":"https:\/\/api.w.org\/{rel}","templated":true}]}}