{"id":88016,"date":"2024-01-12T10:09:58","date_gmt":"2024-01-12T10:09:58","guid":{"rendered":"https:\/\/jobs.adp.com\/?page_id=88016"},"modified":"2025-03-21T06:46:29","modified_gmt":"2025-03-21T06:46:29","slug":"thank-you","status":"publish","type":"page","link":"https:\/\/adp.site.findly.com\/pt-pt\/profile\/thank-you\/","title":{"rendered":"Vstupte do Talent Community"},"content":{"rendered":"<\/div><\/div><\/div><!-- close content main div --><\/div><\/div><div id='av_section_1' class='avia-section main_color avia-section-default avia-no-shadow avia-bg-style-scroll  landing-page-container bg-3 container_wrap sidebar_right'   ><div class='container' ><div class='template-page content  av-content-small alpha units'><div class='post-entry post-entry-type-page post-entry-88016'><div class='entry-content-wrapper clearfix'>\n<div class=\"flex_column av_one_third  flex_column_div first  left-column \" style='margin-top:0px; margin-bottom:30px; padding:45px 20px 7px 20px ; background-color:#121c4e; border-radius:0px; '><p><div class='avia-image-container  av-styling-   mobile-logo-image avia-align-center '  itemscope=\"itemscope\" itemtype=\"https:\/\/schema.org\/ImageObject\"  ><div class='avia-image-container-inner'><img class='avia_image ' src='\/wp-content\/uploads\/sites\/3094\/2023\/11\/16131652\/13893_12039_ADP_Logo_Tagline_Digital_Reverse-300x137.png' alt='' title=''   itemprop=\"contentURL\"  \/><\/div><\/div><br \/>\n<section class=\"av_textblock_section\"  itemscope=\"itemscope\" itemtype=\"https:\/\/schema.org\/CreativeWork\" ><div class='avia_textblock '   itemprop=\"text\" ><h1>Dostali jsme v\u0161echny va\u0161e informace. V\u00edtejte v Talent Community spole\u010dnosti ADP.<\/h1>\n<\/div><\/section><\/p><\/div><div class=\"flex_column av_one_third  flex_column_div   right-column \" style='margin-top:0px; margin-bottom:30px; padding:100px 21px 7px 21px ; background-color:rgba(242,99,93,0.9); border-radius:0px; '><p><div class='avia-image-container  av-styling-   logo-image avia-align-center '  itemscope=\"itemscope\" itemtype=\"https:\/\/schema.org\/ImageObject\"  ><div class='avia-image-container-inner'><img class='avia_image ' src='https:\/\/adp.site.findly.com\/wp-content\/uploads\/sites\/3586\/2024\/06\/adplogonew.png' alt='Adp Logo' title='adplogonew'   itemprop=\"contentURL\"  \/><\/div><\/div><br \/>\n<section class=\"av_textblock_section\"  itemscope=\"itemscope\" itemtype=\"https:\/\/schema.org\/CreativeWork\" ><div class='avia_textblock social-links'   itemprop=\"text\" ><p><span style=\"font-size: 22px; line-height: 21px; font-weight: bold; margin-bottom: 20px; color: #fff;\">Connect With Us!<\/span><br \/>\n<a style=\"display: inline; margin-right: 7px;\" href=\"https:\/\/www.facebook.com\/ADPCareers\/\"><img decoding=\"async\" style=\"width: 35px;\" src=\"\/wp-content\/uploads\/sites\/3586\/2025\/03\/19073625\/facebook.png\" \/><\/a><a style=\"display: inline; margin-right: 7px;\" href=\"https:\/\/twitter.com\/ADPCareers\/\"><img decoding=\"async\" style=\"width: 35px;\" src=\"\/wp-content\/uploads\/sites\/3586\/2025\/03\/19073620\/twitter.png\" \/><\/a><a style=\"display: inline; margin-right: 7px;\" href=\"https:\/\/www.instagram.com\/adpcareers\/\"><img decoding=\"async\" style=\"width: 35px;\" src=\"\/wp-content\/uploads\/sites\/3586\/2025\/03\/19075531\/instagram-1.png\" \/><\/a><a style=\"display: inline; margin-right: 7px;\" href=\"https:\/\/www.youtube.com\/user\/ADPcareers\"><img decoding=\"async\" style=\"width: 35px;\" src=\"\/wp-content\/uploads\/sites\/3586\/2025\/03\/19075524\/youtube-2.png\" \/><\/a><a style=\"display: inline; margin-right: 7px;\" href=\"https:\/\/www.linkedin.com\/company\/adp\/life\/\"><img decoding=\"async\" style=\"width: 35px;\" src=\"\/wp-content\/uploads\/sites\/3586\/2025\/03\/19075515\/linkedin-1.png\" \/><\/a><\/p>\n<\/div><\/section><br \/>\n<section class=\"av_textblock_section\"  itemscope=\"itemscope\" itemtype=\"https:\/\/schema.org\/CreativeWork\" ><div class='avia_textblock copyright-text av_inherit_color'  style='font-size:12px; color:#ffffff; '  itemprop=\"text\" ><p>ADP, logo ADP a Always Designing for People jsou ochrann\u00e9 zn\u00e1mky spole\u010dnosti ADP, Inc ve Spojen\u00fdch st\u00e1tech americk\u00fdch a dal\u0161\u00edch zem\u00edch. V\u0161echny ostatn\u00ed zna\u010dky jsou majetkem p\u0159\u00edslu\u0161n\u00fdch vlastn\u00edk\u016f. Copyright \u00a9 2024 ADP, Inc. V\u0161echna pr\u00e1va vyhrazena.<\/p>\n<\/div><\/section><\/p><\/div><\/div><\/div><\/div><!-- close content main div --><\/div><\/div><div id='after_section_1' class='main_color av_default_container_wrap container_wrap sidebar_right'   ><div class='container' ><div class='template-page content  av-content-small alpha units'><div class='post-entry post-entry-type-page post-entry-88016'><div class='entry-content-wrapper clearfix'><section class=\"av_textblock_section\"  itemscope=\"itemscope\" itemtype=\"https:\/\/schema.org\/CreativeWork\" ><div class='avia_textblock '   itemprop=\"text\" ><\/div><\/section><\/p>\n","protected":false},"excerpt":{"rendered":"","protected":false},"author":1999,"featured_media":0,"parent":91406,"menu_order":0,"comment_status":"closed","ping_status":"closed","template":"","meta":{"footnotes":""},"persona":[],"class_list":["post-88016","page","type-page","status-publish","hentry"],"yoast_head":"<!-- This site is optimized with the Yoast SEO Premium plugin v23.0 (Yoast SEO v23.0) - https:\/\/yoast.com\/wordpress\/plugins\/seo\/ -->\n<title>Vstupte do Talent Community - ADP<\/title>\n<meta name=\"robots\" content=\"index, follow, max-snippet:-1, max-image-preview:large, max-video-preview:-1\" \/>\n<link rel=\"canonical\" href=\"https:\/\/talentnetwork.adp.com\/pt-pt\/profile\/thank-you\/\" \/>\n<meta property=\"og:locale\" content=\"pt_PT\" \/>\n<meta property=\"og:type\" content=\"article\" \/>\n<meta property=\"og:title\" content=\"Vstupte do Talent Community\" \/>\n<meta property=\"og:url\" content=\"https:\/\/talentnetwork.adp.com\/pt-pt\/profile\/thank-you\/\" \/>\n<meta property=\"og:site_name\" content=\"ADP\" \/>\n<meta property=\"article:modified_time\" content=\"2025-03-21T06:46:29+00:00\" \/>\n<meta property=\"og:image\" content=\"https:\/\/adp.site.findly.com\/wp-content\/uploads\/sites\/3586\/2025\/03\/19073625\/facebook.png\" \/>\n<meta name=\"twitter:label1\" content=\"Tempo estimado de leitura\" \/>\n\t<meta name=\"twitter:data1\" content=\"2 minutos\" \/>\n<script type=\"application\/ld+json\" class=\"yoast-schema-graph\">{\"@context\":\"https:\/\/schema.org\",\"@graph\":[{\"@type\":\"WebPage\",\"@id\":\"https:\/\/talentnetwork.adp.com\/pt-pt\/profile\/thank-you\/\",\"url\":\"https:\/\/talentnetwork.adp.com\/pt-pt\/profile\/thank-you\/\",\"name\":\"Vstupte do Talent Community - ADP\",\"isPartOf\":{\"@id\":\"https:\/\/talentnetwork.adp.com\/pt-br\/#website\"},\"datePublished\":\"2024-01-12T10:09:58+00:00\",\"dateModified\":\"2025-03-21T06:46:29+00:00\",\"breadcrumb\":{\"@id\":\"https:\/\/talentnetwork.adp.com\/pt-pt\/profile\/thank-you\/#breadcrumb\"},\"inLanguage\":\"pt-PT\",\"potentialAction\":[{\"@type\":\"ReadAction\",\"target\":[\"https:\/\/talentnetwork.adp.com\/pt-pt\/profile\/thank-you\/\"]}]},{\"@type\":\"BreadcrumbList\",\"@id\":\"https:\/\/talentnetwork.adp.com\/pt-pt\/profile\/thank-you\/#breadcrumb\",\"itemListElement\":[{\"@type\":\"ListItem\",\"position\":1,\"name\":\"Home\",\"item\":\"https:\/\/talentnetwork.adp.com\/pt-pt\/\"},{\"@type\":\"ListItem\",\"position\":2,\"name\":\"Profile\",\"item\":\"https:\/\/talentnetwork.adp.com\/cs\/profile\/\"},{\"@type\":\"ListItem\",\"position\":3,\"name\":\"Vstupte do Talent Community\"}]},{\"@type\":\"WebSite\",\"@id\":\"https:\/\/talentnetwork.adp.com\/pt-br\/#website\",\"url\":\"https:\/\/talentnetwork.adp.com\/pt-br\/\",\"name\":\"ADP\",\"description\":\"ADP Global\",\"potentialAction\":[{\"@type\":\"SearchAction\",\"target\":{\"@type\":\"EntryPoint\",\"urlTemplate\":\"https:\/\/talentnetwork.adp.com\/pt-br\/?s={search_term_string}\"},\"query-input\":\"required name=search_term_string\"}],\"inLanguage\":\"pt-PT\"}]}<\/script>\n<!-- \/ Yoast SEO Premium plugin. -->","yoast_head_json":{"title":"Vstupte do Talent Community - ADP","robots":{"index":"index","follow":"follow","max-snippet":"max-snippet:-1","max-image-preview":"max-image-preview:large","max-video-preview":"max-video-preview:-1"},"canonical":"https:\/\/talentnetwork.adp.com\/pt-pt\/profile\/thank-you\/","og_locale":"pt_PT","og_type":"article","og_title":"Vstupte do Talent Community","og_url":"https:\/\/talentnetwork.adp.com\/pt-pt\/profile\/thank-you\/","og_site_name":"ADP","article_modified_time":"2025-03-21T06:46:29+00:00","og_image":[{"url":"https:\/\/adp.site.findly.com\/wp-content\/uploads\/sites\/3586\/2025\/03\/19073625\/facebook.png"}],"twitter_misc":{"Tempo estimado de leitura":"2 minutos"},"schema":{"@context":"https:\/\/schema.org","@graph":[{"@type":"WebPage","@id":"https:\/\/talentnetwork.adp.com\/pt-pt\/profile\/thank-you\/","url":"https:\/\/talentnetwork.adp.com\/pt-pt\/profile\/thank-you\/","name":"Vstupte do Talent Community - ADP","isPartOf":{"@id":"https:\/\/talentnetwork.adp.com\/pt-br\/#website"},"datePublished":"2024-01-12T10:09:58+00:00","dateModified":"2025-03-21T06:46:29+00:00","breadcrumb":{"@id":"https:\/\/talentnetwork.adp.com\/pt-pt\/profile\/thank-you\/#breadcrumb"},"inLanguage":"pt-PT","potentialAction":[{"@type":"ReadAction","target":["https:\/\/talentnetwork.adp.com\/pt-pt\/profile\/thank-you\/"]}]},{"@type":"BreadcrumbList","@id":"https:\/\/talentnetwork.adp.com\/pt-pt\/profile\/thank-you\/#breadcrumb","itemListElement":[{"@type":"ListItem","position":1,"name":"Home","item":"https:\/\/talentnetwork.adp.com\/pt-pt\/"},{"@type":"ListItem","position":2,"name":"Profile","item":"https:\/\/talentnetwork.adp.com\/cs\/profile\/"},{"@type":"ListItem","position":3,"name":"Vstupte do Talent Community"}]},{"@type":"WebSite","@id":"https:\/\/talentnetwork.adp.com\/pt-br\/#website","url":"https:\/\/talentnetwork.adp.com\/pt-br\/","name":"ADP","description":"ADP Global","potentialAction":[{"@type":"SearchAction","target":{"@type":"EntryPoint","urlTemplate":"https:\/\/talentnetwork.adp.com\/pt-br\/?s={search_term_string}"},"query-input":"required name=search_term_string"}],"inLanguage":"pt-PT"}]}},"_links":{"self":[{"href":"https:\/\/adp.site.findly.com\/pt-pt\/wp-json\/wp\/v2\/pages\/88016","targetHints":{"allow":["GET"]}}],"collection":[{"href":"https:\/\/adp.site.findly.com\/pt-pt\/wp-json\/wp\/v2\/pages"}],"about":[{"href":"https:\/\/adp.site.findly.com\/pt-pt\/wp-json\/wp\/v2\/types\/page"}],"author":[{"embeddable":true,"href":"https:\/\/adp.site.findly.com\/pt-pt\/wp-json\/wp\/v2\/users\/1999"}],"replies":[{"embeddable":true,"href":"https:\/\/adp.site.findly.com\/pt-pt\/wp-json\/wp\/v2\/comments?post=88016"}],"version-history":[{"count":4,"href":"https:\/\/adp.site.findly.com\/pt-pt\/wp-json\/wp\/v2\/pages\/88016\/revisions"}],"predecessor-version":[{"id":101065,"href":"https:\/\/adp.site.findly.com\/pt-pt\/wp-json\/wp\/v2\/pages\/88016\/revisions\/101065"}],"up":[{"embeddable":true,"href":"https:\/\/adp.site.findly.com\/pt-pt\/wp-json\/wp\/v2\/pages\/91406"}],"wp:attachment":[{"href":"https:\/\/adp.site.findly.com\/pt-pt\/wp-json\/wp\/v2\/media?parent=88016"}],"wp:term":[{"taxonomy":"persona","embeddable":true,"href":"https:\/\/adp.site.findly.com\/pt-pt\/wp-json\/wp\/v2\/persona?post=88016"}],"curies":[{"name":"wp","href":"https:\/\/api.w.org\/{rel}","templated":true}]}}