{"id":87983,"date":"2024-01-12T09:34:54","date_gmt":"2024-01-12T09:34:54","guid":{"rendered":"https:\/\/jobs.adp.com\/?page_id=87983"},"modified":"2025-04-17T06:14:14","modified_gmt":"2025-04-17T06:14:14","slug":"join","status":"publish","type":"page","link":"https:\/\/adp.site.findly.com\/pl\/profile\/join\/","title":{"rendered":"Do\u0142\u0105cz do naszej Spo\u0142eczno\u015bci Talent\u00f3w"},"content":{"rendered":"<div id=\"sessionNotificationContainer\"><\/div>\n<div id=\"genericContainer\"><\/div>\n<div ng-view><\/div>\n","protected":false},"excerpt":{"rendered":"","protected":false},"author":1999,"featured_media":0,"parent":91411,"menu_order":0,"comment_status":"closed","ping_status":"closed","template":"","meta":{"footnotes":""},"persona":[],"class_list":["post-87983","page","type-page","status-publish","hentry"],"yoast_head":"<!-- This site is optimized with the Yoast SEO Premium plugin v23.0 (Yoast SEO v23.0) - https:\/\/yoast.com\/wordpress\/plugins\/seo\/ -->\n<title>Do\u0142\u0105cz do naszej Spo\u0142eczno\u015bci Talent\u00f3w<\/title>\n<meta name=\"robots\" content=\"index, follow, max-snippet:-1, max-image-preview:large, max-video-preview:-1\" \/>\n<link rel=\"canonical\" href=\"https:\/\/talentnetwork.adp.com\/pl\/profile\/join\/\" \/>\n<meta property=\"og:locale\" content=\"pl_PL\" \/>\n<meta property=\"og:type\" content=\"article\" \/>\n<meta property=\"og:title\" content=\"Do\u0142\u0105cz do naszej Spo\u0142eczno\u015bci Talent\u00f3w\" \/>\n<meta property=\"og:url\" content=\"https:\/\/talentnetwork.adp.com\/pl\/profile\/join\/\" \/>\n<meta property=\"og:site_name\" content=\"ADP\" \/>\n<meta property=\"article:modified_time\" content=\"2025-04-17T06:14:14+00:00\" \/>\n<meta property=\"og:image\" content=\"https:\/\/adp.site.findly.com\/wp-content\/uploads\/sites\/3591\/2025\/03\/26050758\/square-facebook-brands-2.png\" \/>\n<meta name=\"twitter:label1\" content=\"Szacowany czas czytania\" \/>\n\t<meta name=\"twitter:data1\" content=\"2 minuty\" \/>\n<script type=\"application\/ld+json\" class=\"yoast-schema-graph\">{\"@context\":\"https:\/\/schema.org\",\"@graph\":[{\"@type\":\"WebPage\",\"@id\":\"https:\/\/talentnetwork.adp.com\/pl\/profile\/join\/\",\"url\":\"https:\/\/talentnetwork.adp.com\/pl\/profile\/join\/\",\"name\":\"Do\u0142\u0105cz do naszej Spo\u0142eczno\u015bci Talent\u00f3w\",\"isPartOf\":{\"@id\":\"https:\/\/talentnetwork.adp.com\/pt-br\/#website\"},\"datePublished\":\"2024-01-12T09:34:54+00:00\",\"dateModified\":\"2025-04-17T06:14:14+00:00\",\"breadcrumb\":{\"@id\":\"https:\/\/talentnetwork.adp.com\/pl\/profile\/join\/#breadcrumb\"},\"inLanguage\":\"pl-PL\",\"potentialAction\":[{\"@type\":\"ReadAction\",\"target\":[\"https:\/\/talentnetwork.adp.com\/pl\/profile\/join\/\"]}]},{\"@type\":\"BreadcrumbList\",\"@id\":\"https:\/\/talentnetwork.adp.com\/pl\/profile\/join\/#breadcrumb\",\"itemListElement\":[{\"@type\":\"ListItem\",\"position\":1,\"name\":\"Home\",\"item\":\"https:\/\/talentnetwork.adp.com\/pl\/\"},{\"@type\":\"ListItem\",\"position\":2,\"name\":\"Profile\",\"item\":\"https:\/\/talentnetwork.adp.com\/pl\/profile\/\"},{\"@type\":\"ListItem\",\"position\":3,\"name\":\"Do\u0142\u0105cz do naszej Spo\u0142eczno\u015bci Talent\u00f3w\"}]},{\"@type\":\"WebSite\",\"@id\":\"https:\/\/talentnetwork.adp.com\/pt-br\/#website\",\"url\":\"https:\/\/talentnetwork.adp.com\/pt-br\/\",\"name\":\"ADP\",\"description\":\"ADP Global\",\"potentialAction\":[{\"@type\":\"SearchAction\",\"target\":{\"@type\":\"EntryPoint\",\"urlTemplate\":\"https:\/\/talentnetwork.adp.com\/pt-br\/?s={search_term_string}\"},\"query-input\":\"required name=search_term_string\"}],\"inLanguage\":\"pl-PL\"}]}<\/script>\n<!-- \/ Yoast SEO Premium plugin. -->","yoast_head_json":{"title":"Do\u0142\u0105cz do naszej Spo\u0142eczno\u015bci Talent\u00f3w","robots":{"index":"index","follow":"follow","max-snippet":"max-snippet:-1","max-image-preview":"max-image-preview:large","max-video-preview":"max-video-preview:-1"},"canonical":"https:\/\/talentnetwork.adp.com\/pl\/profile\/join\/","og_locale":"pl_PL","og_type":"article","og_title":"Do\u0142\u0105cz do naszej Spo\u0142eczno\u015bci Talent\u00f3w","og_url":"https:\/\/talentnetwork.adp.com\/pl\/profile\/join\/","og_site_name":"ADP","article_modified_time":"2025-04-17T06:14:14+00:00","og_image":[{"url":"https:\/\/adp.site.findly.com\/wp-content\/uploads\/sites\/3591\/2025\/03\/26050758\/square-facebook-brands-2.png"}],"twitter_misc":{"Szacowany czas czytania":"2 minuty"},"schema":{"@context":"https:\/\/schema.org","@graph":[{"@type":"WebPage","@id":"https:\/\/talentnetwork.adp.com\/pl\/profile\/join\/","url":"https:\/\/talentnetwork.adp.com\/pl\/profile\/join\/","name":"Do\u0142\u0105cz do naszej Spo\u0142eczno\u015bci Talent\u00f3w","isPartOf":{"@id":"https:\/\/talentnetwork.adp.com\/pt-br\/#website"},"datePublished":"2024-01-12T09:34:54+00:00","dateModified":"2025-04-17T06:14:14+00:00","breadcrumb":{"@id":"https:\/\/talentnetwork.adp.com\/pl\/profile\/join\/#breadcrumb"},"inLanguage":"pl-PL","potentialAction":[{"@type":"ReadAction","target":["https:\/\/talentnetwork.adp.com\/pl\/profile\/join\/"]}]},{"@type":"BreadcrumbList","@id":"https:\/\/talentnetwork.adp.com\/pl\/profile\/join\/#breadcrumb","itemListElement":[{"@type":"ListItem","position":1,"name":"Home","item":"https:\/\/talentnetwork.adp.com\/pl\/"},{"@type":"ListItem","position":2,"name":"Profile","item":"https:\/\/talentnetwork.adp.com\/pl\/profile\/"},{"@type":"ListItem","position":3,"name":"Do\u0142\u0105cz do naszej Spo\u0142eczno\u015bci Talent\u00f3w"}]},{"@type":"WebSite","@id":"https:\/\/talentnetwork.adp.com\/pt-br\/#website","url":"https:\/\/talentnetwork.adp.com\/pt-br\/","name":"ADP","description":"ADP Global","potentialAction":[{"@type":"SearchAction","target":{"@type":"EntryPoint","urlTemplate":"https:\/\/talentnetwork.adp.com\/pt-br\/?s={search_term_string}"},"query-input":"required name=search_term_string"}],"inLanguage":"pl-PL"}]}},"_links":{"self":[{"href":"https:\/\/adp.site.findly.com\/pl\/wp-json\/wp\/v2\/pages\/87983","targetHints":{"allow":["GET"]}}],"collection":[{"href":"https:\/\/adp.site.findly.com\/pl\/wp-json\/wp\/v2\/pages"}],"about":[{"href":"https:\/\/adp.site.findly.com\/pl\/wp-json\/wp\/v2\/types\/page"}],"author":[{"embeddable":true,"href":"https:\/\/adp.site.findly.com\/pl\/wp-json\/wp\/v2\/users\/1999"}],"replies":[{"embeddable":true,"href":"https:\/\/adp.site.findly.com\/pl\/wp-json\/wp\/v2\/comments?post=87983"}],"version-history":[{"count":9,"href":"https:\/\/adp.site.findly.com\/pl\/wp-json\/wp\/v2\/pages\/87983\/revisions"}],"predecessor-version":[{"id":101756,"href":"https:\/\/adp.site.findly.com\/pl\/wp-json\/wp\/v2\/pages\/87983\/revisions\/101756"}],"up":[{"embeddable":true,"href":"https:\/\/adp.site.findly.com\/pl\/wp-json\/wp\/v2\/pages\/91411"}],"wp:attachment":[{"href":"https:\/\/adp.site.findly.com\/pl\/wp-json\/wp\/v2\/media?parent=87983"}],"wp:term":[{"taxonomy":"persona","embeddable":true,"href":"https:\/\/adp.site.findly.com\/pl\/wp-json\/wp\/v2\/persona?post=87983"}],"curies":[{"name":"wp","href":"https:\/\/api.w.org\/{rel}","templated":true}]}}