{"id":10171,"date":"2019-03-22T06:39:22","date_gmt":"2019-03-22T06:39:22","guid":{"rendered":"https:\/\/adpglobal2019.xcc.x-cloud.io\/?page_id=10171\/"},"modified":"2020-01-16T05:28:53","modified_gmt":"2020-01-16T05:28:53","slug":"polish-sitemap","status":"publish","type":"page","link":"https:\/\/adp.site.findly.com\/pl\/polish-sitemap\/","title":{"rendered":"Sitemap"},"content":{"rendered":"<\/div><\/div><\/div><!-- close content main div --><\/div><\/div><div id='sitemap-menu' class='avia-section main_color avia-section-default avia-no-border-styling avia-bg-style-scroll   container_wrap sidebar_right'   ><div class='container' ><div class='template-page content  av-content-small alpha units'><div class='post-entry post-entry-type-page post-entry-10171'><div class='entry-content-wrapper clearfix'>\n<div class=\"flex_column av_one_full  flex_column_div av-zero-column-padding first  \" style='border-radius:0px; '><section class=\"av_textblock_section\"  itemscope=\"itemscope\" itemtype=\"https:\/\/schema.org\/CreativeWork\" ><div class='avia_textblock '   itemprop=\"text\" ><h1>Sitemap<\/h1>\n<\/div><\/section><br \/>\n<div class='avia-builder-widget-area clearfix '><div id=\"pages-2\" class=\"widget clearfix widget_pages\"><h3 class=\"widgettitle\">Pages<\/h3>\n\t\t\t<ul>\n\t\t\t\t<li class=\"page_item page-item-91434 page_item_has_children\"><a href=\"https:\/\/adp.site.findly.com\/pl\/apply\/\">Apply<\/a>\n<ul class='children'>\n\t<li class=\"page_item page-item-87938\"><a href=\"https:\/\/adp.site.findly.com\/pl\/apply\/join\/\">Dodaj swoje CV, aby do\u0142\u0105czy\u0107 do naszej Spo\u0142eczno\u015bci Talent\u00f3w<\/a><\/li>\n\t<li class=\"page_item page-item-89752\"><a href=\"https:\/\/adp.site.findly.com\/pl\/apply\/thank-you\/\">Thank you<\/a><\/li>\n<\/ul>\n<\/li>\n<li class=\"page_item page-item-99998\"><a href=\"https:\/\/adp.site.findly.com\/pl\/\">Home Page<\/a><\/li>\n<li class=\"page_item page-item-74360\"><a href=\"https:\/\/adp.site.findly.com\/pl\/locations-czechia-corporate-cs\/\">Locations Czechia &#8211; Corporate (CS)<\/a><\/li>\n<li class=\"page_item page-item-74406\"><a href=\"https:\/\/adp.site.findly.com\/pl\/locations-czechia-teams-roles-cs\/\">Locations Czechia &#8211; Teams &amp; Roles (CS)<\/a><\/li>\n<li class=\"page_item page-item-91411 page_item_has_children\"><a href=\"https:\/\/adp.site.findly.com\/pl\/profile\/\">Profile<\/a>\n<ul class='children'>\n\t<li class=\"page_item page-item-87983\"><a href=\"https:\/\/adp.site.findly.com\/pl\/profile\/join\/\">Do\u0142\u0105cz do naszej Spo\u0142eczno\u015bci Talent\u00f3w<\/a><\/li>\n\t<li class=\"page_item page-item-101229\"><a href=\"https:\/\/adp.site.findly.com\/pl\/profile\/thank-you\/\">Do\u0142\u0105cz do naszej Spo\u0142eczno\u015bci Talent\u00f3w<\/a><\/li>\n<\/ul>\n<\/li>\n<li class=\"page_item page-item-9353 page_item_has_children\"><a href=\"https:\/\/adp.site.findly.com\/pl\/locations\/\">Locations<\/a>\n<ul class='children'>\n\t<li class=\"page_item page-item-9343 page_item_has_children\"><a href=\"https:\/\/adp.site.findly.com\/pl\/locations\/poland\/\">Location Poland &#8211; Home<\/a>\n\t<ul class='children'>\n\t\t<li class=\"page_item page-item-61368\"><a href=\"https:\/\/adp.site.findly.com\/pl\/locations\/poland\/covid19\/\">Location Poland &#8211; COVID-19 hiring response<\/a><\/li>\n\t\t<li class=\"page_item page-item-9401\"><a href=\"https:\/\/adp.site.findly.com\/pl\/locations\/poland\/job-search-results\/\">Location Poland &#8211; Job Search Results<\/a><\/li>\n\t\t<li class=\"page_item page-item-9408 page_item_has_children\"><a href=\"https:\/\/adp.site.findly.com\/pl\/locations\/poland\/life-at-adp\/\">Location Poland &#8211; Life @ ADP<\/a>\n\t\t<ul class='children'>\n\t\t\t<li class=\"page_item page-item-9392\"><a href=\"https:\/\/adp.site.findly.com\/pl\/locations\/poland\/life-at-adp\/corporate-social-responsibility\/\">Location Poland &#8211; Corporate Social Responsibility<\/a><\/li>\n\t\t\t<li class=\"page_item page-item-9397\"><a href=\"https:\/\/adp.site.findly.com\/pl\/locations\/poland\/life-at-adp\/diversity-inclusion\/\">Location Poland &#8211; Diversity &amp; Inclusion<\/a><\/li>\n\t\t<\/ul>\n<\/li>\n\t\t<li class=\"page_item page-item-9412 page_item_has_children\"><a href=\"https:\/\/adp.site.findly.com\/pl\/locations\/poland\/teams-roles\/\">Location Poland &#8211; Teams &amp; Roles<\/a>\n\t\t<ul class='children'>\n\t\t\t<li class=\"page_item page-item-9347\"><a href=\"https:\/\/adp.site.findly.com\/pl\/locations\/poland\/teams-roles\/client-service\/\">Location Poland &#8211; Client Service Careers<\/a><\/li>\n\t\t\t<li class=\"page_item page-item-9363\"><a href=\"https:\/\/adp.site.findly.com\/pl\/locations\/poland\/teams-roles\/corporate\/\">Location Poland &#8211; Corporate Careers<\/a><\/li>\n\t\t\t<li class=\"page_item page-item-9368\"><a href=\"https:\/\/adp.site.findly.com\/pl\/locations\/poland\/teams-roles\/human-resources\/\">Location Poland &#8211; Human Resources Careers<\/a><\/li>\n\t\t\t<li class=\"page_item page-item-9376\"><a href=\"https:\/\/adp.site.findly.com\/pl\/locations\/poland\/teams-roles\/implementation\/\">Location Poland &#8211; Implementation Careers<\/a><\/li>\n\t\t\t<li class=\"page_item page-item-9381\"><a href=\"https:\/\/adp.site.findly.com\/pl\/locations\/poland\/teams-roles\/sales\/\">Location Poland &#8211; Sales Careers<\/a><\/li>\n\t\t\t<li class=\"page_item page-item-9387\"><a href=\"https:\/\/adp.site.findly.com\/pl\/locations\/poland\/teams-roles\/technology\/\">Location Poland &#8211; Technology Careers<\/a><\/li>\n\t\t<\/ul>\n<\/li>\n\t<\/ul>\n<\/li>\n<\/ul>\n<\/li>\n\t\t\t<\/ul>\n\n\t\t\t<\/div><\/div><\/p><\/div>\n<\/div><\/div><\/div><!-- close content main div --><\/div><\/div><div id='after_section_1' class='main_color av_default_container_wrap container_wrap sidebar_right'   ><div class='container' ><div class='template-page content  av-content-small alpha units'><div class='post-entry post-entry-type-page post-entry-10171'><div class='entry-content-wrapper clearfix'>\n","protected":false},"excerpt":{"rendered":"","protected":false},"author":1010,"featured_media":0,"parent":0,"menu_order":0,"comment_status":"closed","ping_status":"closed","template":"","meta":{"footnotes":""},"persona":[],"class_list":["post-10171","page","type-page","status-publish","hentry"],"yoast_head":"<!-- This site is optimized with the Yoast SEO Premium plugin v23.0 (Yoast SEO v23.0) - https:\/\/yoast.com\/wordpress\/plugins\/seo\/ -->\n<title>Sitemap - ADP<\/title>\n<meta name=\"robots\" content=\"noindex, nofollow\" \/>\n<meta property=\"og:locale\" content=\"pl_PL\" \/>\n<meta property=\"og:type\" content=\"article\" \/>\n<meta property=\"og:title\" content=\"Sitemap\" \/>\n<meta property=\"og:url\" content=\"https:\/\/talentnetwork.adp.com\/pl\/polish-sitemap\/\" \/>\n<meta property=\"og:site_name\" content=\"ADP\" \/>\n<meta property=\"article:modified_time\" content=\"2020-01-16T05:28:53+00:00\" \/>\n<meta property=\"og:image\" content=\"https:\/\/adp.site.findly.com\/wp-content\/uploads\/sites\/794\/2019\/05\/ADP-Logo-200x200-v2.jpg\" \/>\n\t<meta property=\"og:image:width\" content=\"200\" \/>\n\t<meta property=\"og:image:height\" content=\"200\" \/>\n\t<meta property=\"og:image:type\" content=\"image\/jpeg\" \/>\n<meta name=\"twitter:label1\" content=\"Szacowany czas czytania\" \/>\n\t<meta name=\"twitter:data1\" content=\"1 minuta\" \/>\n<script type=\"application\/ld+json\" class=\"yoast-schema-graph\">{\"@context\":\"https:\/\/schema.org\",\"@graph\":[{\"@type\":\"WebPage\",\"@id\":\"https:\/\/talentnetwork.adp.com\/pl\/polish-sitemap\/\",\"url\":\"https:\/\/talentnetwork.adp.com\/pl\/polish-sitemap\/\",\"name\":\"Sitemap - ADP\",\"isPartOf\":{\"@id\":\"https:\/\/talentnetwork.adp.com\/pt-br\/#website\"},\"datePublished\":\"2019-03-22T06:39:22+00:00\",\"dateModified\":\"2020-01-16T05:28:53+00:00\",\"breadcrumb\":{\"@id\":\"https:\/\/talentnetwork.adp.com\/pl\/polish-sitemap\/#breadcrumb\"},\"inLanguage\":\"pl-PL\",\"potentialAction\":[{\"@type\":\"ReadAction\",\"target\":[\"https:\/\/talentnetwork.adp.com\/pl\/polish-sitemap\/\"]}]},{\"@type\":\"BreadcrumbList\",\"@id\":\"https:\/\/talentnetwork.adp.com\/pl\/polish-sitemap\/#breadcrumb\",\"itemListElement\":[{\"@type\":\"ListItem\",\"position\":1,\"name\":\"Home\",\"item\":\"https:\/\/talentnetwork.adp.com\/pl\/\"},{\"@type\":\"ListItem\",\"position\":2,\"name\":\"Sitemap\"}]},{\"@type\":\"WebSite\",\"@id\":\"https:\/\/talentnetwork.adp.com\/pt-br\/#website\",\"url\":\"https:\/\/talentnetwork.adp.com\/pt-br\/\",\"name\":\"ADP\",\"description\":\"ADP Global\",\"potentialAction\":[{\"@type\":\"SearchAction\",\"target\":{\"@type\":\"EntryPoint\",\"urlTemplate\":\"https:\/\/talentnetwork.adp.com\/pt-br\/?s={search_term_string}\"},\"query-input\":\"required name=search_term_string\"}],\"inLanguage\":\"pl-PL\"}]}<\/script>\n<!-- \/ Yoast SEO Premium plugin. -->","yoast_head_json":{"title":"Sitemap - ADP","robots":{"index":"noindex","follow":"nofollow"},"og_locale":"pl_PL","og_type":"article","og_title":"Sitemap","og_url":"https:\/\/talentnetwork.adp.com\/pl\/polish-sitemap\/","og_site_name":"ADP","article_modified_time":"2020-01-16T05:28:53+00:00","og_image":[{"width":200,"height":200,"url":"https:\/\/adp.site.findly.com\/wp-content\/uploads\/sites\/794\/2019\/05\/ADP-Logo-200x200-v2.jpg","type":"image\/jpeg"}],"twitter_misc":{"Szacowany czas czytania":"1 minuta"},"schema":{"@context":"https:\/\/schema.org","@graph":[{"@type":"WebPage","@id":"https:\/\/talentnetwork.adp.com\/pl\/polish-sitemap\/","url":"https:\/\/talentnetwork.adp.com\/pl\/polish-sitemap\/","name":"Sitemap - ADP","isPartOf":{"@id":"https:\/\/talentnetwork.adp.com\/pt-br\/#website"},"datePublished":"2019-03-22T06:39:22+00:00","dateModified":"2020-01-16T05:28:53+00:00","breadcrumb":{"@id":"https:\/\/talentnetwork.adp.com\/pl\/polish-sitemap\/#breadcrumb"},"inLanguage":"pl-PL","potentialAction":[{"@type":"ReadAction","target":["https:\/\/talentnetwork.adp.com\/pl\/polish-sitemap\/"]}]},{"@type":"BreadcrumbList","@id":"https:\/\/talentnetwork.adp.com\/pl\/polish-sitemap\/#breadcrumb","itemListElement":[{"@type":"ListItem","position":1,"name":"Home","item":"https:\/\/talentnetwork.adp.com\/pl\/"},{"@type":"ListItem","position":2,"name":"Sitemap"}]},{"@type":"WebSite","@id":"https:\/\/talentnetwork.adp.com\/pt-br\/#website","url":"https:\/\/talentnetwork.adp.com\/pt-br\/","name":"ADP","description":"ADP Global","potentialAction":[{"@type":"SearchAction","target":{"@type":"EntryPoint","urlTemplate":"https:\/\/talentnetwork.adp.com\/pt-br\/?s={search_term_string}"},"query-input":"required name=search_term_string"}],"inLanguage":"pl-PL"}]}},"_links":{"self":[{"href":"https:\/\/adp.site.findly.com\/pl\/wp-json\/wp\/v2\/pages\/10171","targetHints":{"allow":["GET"]}}],"collection":[{"href":"https:\/\/adp.site.findly.com\/pl\/wp-json\/wp\/v2\/pages"}],"about":[{"href":"https:\/\/adp.site.findly.com\/pl\/wp-json\/wp\/v2\/types\/page"}],"author":[{"embeddable":true,"href":"https:\/\/adp.site.findly.com\/pl\/wp-json\/wp\/v2\/users\/1010"}],"replies":[{"embeddable":true,"href":"https:\/\/adp.site.findly.com\/pl\/wp-json\/wp\/v2\/comments?post=10171"}],"version-history":[{"count":0,"href":"https:\/\/adp.site.findly.com\/pl\/wp-json\/wp\/v2\/pages\/10171\/revisions"}],"wp:attachment":[{"href":"https:\/\/adp.site.findly.com\/pl\/wp-json\/wp\/v2\/media?parent=10171"}],"wp:term":[{"taxonomy":"persona","embeddable":true,"href":"https:\/\/adp.site.findly.com\/pl\/wp-json\/wp\/v2\/persona?post=10171"}],"curies":[{"name":"wp","href":"https:\/\/api.w.org\/{rel}","templated":true}]}}